{"id":18561,"date":"2022-01-14T12:23:00","date_gmt":"2022-01-14T12:23:00","guid":{"rendered":"https:\/\/gama.tn\/?page_id=18561"},"modified":"2022-02-08T08:38:02","modified_gmt":"2022-02-08T08:38:02","slug":"testimonials","status":"publish","type":"page","link":"https:\/\/gama.tn\/?page_id=18561","title":{"rendered":"Testimonials"},"content":{"rendered":"\t\t<div data-elementor-type=\"wp-page\" data-elementor-id=\"18561\" class=\"elementor elementor-18561\">\n\t\t\t\t\t\t<section class=\"elementor-section elementor-top-section elementor-element elementor-element-1385b817 elementor-section-content-middle elementor-reverse-mobile elementor-section-boxed elementor-section-height-default elementor-section-height-default sc_fly_static\" data-id=\"1385b817\" data-element_type=\"section\" data-settings=\"{&quot;background_background&quot;:&quot;classic&quot;}\">\n\t\t\t\t\t\t<div class=\"elementor-container elementor-column-gap-extended\">\n\t\t\t\t\t<div class=\"elementor-column elementor-col-100 elementor-top-column elementor-element elementor-element-4ae57a74 sc_inner_width_none sc_content_align_inherit sc_layouts_column_icons_position_left sc_fly_static\" data-id=\"4ae57a74\" data-element_type=\"column\">\n\t\t\t<div class=\"elementor-widget-wrap elementor-element-populated\">\n\t\t\t\t\t\t<div class=\"elementor-element elementor-element-af1d184 sc_height_huge sc_fly_static elementor-widget elementor-widget-spacer\" data-id=\"af1d184\" data-element_type=\"widget\" data-widget_type=\"spacer.default\">\n\t\t\t\t<div class=\"elementor-widget-container\">\n\t\t\t\t\t\t\t<div class=\"elementor-spacer\">\n\t\t\t<div class=\"elementor-spacer-inner\"><\/div>\n\t\t<\/div>\n\t\t\t\t\t\t<\/div>\n\t\t\t\t<\/div>\n\t\t\t\t<div class=\"elementor-element elementor-element-356b971c sc_fly_static elementor-widget elementor-widget-trx_sc_testimonials\" data-id=\"356b971c\" data-element_type=\"widget\" data-widget_type=\"trx_sc_testimonials.default\">\n\t\t\t\t<div class=\"elementor-widget-container\">\n\t\t\t\t\t<div \t\tclass=\"sc_testimonials sc_testimonials_accent2\"><div class=\"sc_testimonials_columns_wrap sc_item_columns trx_addons_columns_wrap columns_padding_bottom columns_in_single_row\"><div class=\"trx_addons_column-1_2\"><div data-post-id=\"18564\" class=\"sc_testimonials_item sc_item_container post_container\">\n\t<div class=\"sc_testimonials_item_content\">\n<p class=\"has-text-dark-color has-text-color has-link-color has-medium-font-size wp-elements-1dc3576de75da011955cea9f9b1a17e3\">Le cabinet d\u2019expertises Gama NIZAR HENTATI et toute l\u2019\u00e9quipe ,<br>Je tiens, \u00e0 vous transmettre personnellement mes remerciements les plus sinc\u00e8res pour la qualit\u00e9 de vos services , la rapidit\u00e9 et surtout le r\u00e9sultat au final .<br>Je me dois de vous louer pour votre savoir-faire , votre r\u00e9activit\u00e9 et dynamisme, votre sens de l\u2019\u00e9coute et du conseil et la qualit\u00e9 de vos travaux . Tout ma donn\u00e9 enti\u00e8re satisfaction. J\u2019ai notamment \u00e9t\u00e9 tr\u00e8s agr\u00e9ablement surprise par vos recommandations et le r\u00e9sultat au final<br>Votre professionnalisme, tout autant que l\u2019attention que vous m\u2019avez port\u00e9e \u00e0 mon dossier, le suivi rigoureux et l\u2019accompagnement m\u00eame le service bancaire m\u2019ont satisfait au plus haut point .<\/p>\n<\/div>\n\t<div class=\"sc_testimonials_item_author\">\n\t\t\t\t\t<div class=\"sc_testimonials_item_author_avatar\"><img decoding=\"async\" width=\"120\" height=\"120\" src=\"https:\/\/gama.tn\/wp-content\/uploads\/2022\/01\/lg-120x120.png\" class=\"attachment-tax-help-thumb-tiny size-tax-help-thumb-tiny wp-post-image\" alt=\"Fadwa SALLEM\" srcset=\"https:\/\/gama.tn\/wp-content\/uploads\/2022\/01\/lg-120x120.png 120w, https:\/\/gama.tn\/wp-content\/uploads\/2022\/01\/lg-150x150.png 150w, https:\/\/gama.tn\/wp-content\/uploads\/2022\/01\/lg-300x300.png 300w, https:\/\/gama.tn\/wp-content\/uploads\/2022\/01\/lg-370x370.png 370w, https:\/\/gama.tn\/wp-content\/uploads\/2022\/01\/lg.png 400w\" sizes=\"(max-width: 120px) 100vw, 120px\" \/><\/div>\n\t\t\t\t<div class=\"sc_testimonials_item_author_data\">\n\t\t\t<h4 class=\"sc_testimonials_item_author_title\">Fadwa SALLEM<\/h4>\n\t\t\t<div class=\"sc_testimonials_item_author_subtitle\">chef d&#039;agence<\/div>\t\t<\/div>\n\t<\/div>\n<\/div>\n<\/div><div class=\"trx_addons_column-1_2\"><div data-post-id=\"21587\" class=\"sc_testimonials_item sc_item_container post_container\">\n\t<div class=\"sc_testimonials_item_content\">\n<p class=\"has-text-dark-color has-text-color has-link-color has-small-font-size wp-elements-725ed86144049b6a7e73bc65dc319200\"><strong>Je tiens \u00e0 transmettre mes remerciements \u00e0 toute l&rsquo;\u00e9quipe GAMA pour la qualit\u00e9 de leurs services , la rapidit\u00e9 et surtout le r\u00e9sultat au final.<\/strong><\/p>\n\n\n\n<p><\/p>\n<\/div>\n\t<div class=\"sc_testimonials_item_author\">\n\t\t\t\t\t<div class=\"sc_testimonials_item_author_avatar\"><img decoding=\"async\" width=\"120\" height=\"120\" src=\"https:\/\/gama.tn\/wp-content\/uploads\/2022\/08\/BIAT-nouveau-Logo-042019-120x120.jpg\" class=\"attachment-tax-help-thumb-tiny size-tax-help-thumb-tiny wp-post-image\" alt=\"Mohsen GHANDRI\" srcset=\"https:\/\/gama.tn\/wp-content\/uploads\/2022\/08\/BIAT-nouveau-Logo-042019-120x120.jpg 120w, https:\/\/gama.tn\/wp-content\/uploads\/2022\/08\/BIAT-nouveau-Logo-042019-150x150.jpg 150w, https:\/\/gama.tn\/wp-content\/uploads\/2022\/08\/BIAT-nouveau-Logo-042019-300x300.jpg 300w, https:\/\/gama.tn\/wp-content\/uploads\/2022\/08\/BIAT-nouveau-Logo-042019.jpg 317w\" sizes=\"(max-width: 120px) 100vw, 120px\" \/><\/div>\n\t\t\t\t<div class=\"sc_testimonials_item_author_data\">\n\t\t\t<h4 class=\"sc_testimonials_item_author_title\">Mohsen GHANDRI<\/h4>\n\t\t\t<div class=\"sc_testimonials_item_author_subtitle\">Ex DGA BIAT<\/div>\t\t<\/div>\n\t<\/div>\n<\/div>\n<\/div><\/div><\/div><!-- \/.sc_testimonials -->\t\t\t\t<\/div>\n\t\t\t\t<\/div>\n\t\t\t\t<div class=\"elementor-element elementor-element-5153e89f sc_height_huge sc_fly_static elementor-widget elementor-widget-spacer\" data-id=\"5153e89f\" data-element_type=\"widget\" data-widget_type=\"spacer.default\">\n\t\t\t\t<div class=\"elementor-widget-container\">\n\t\t\t\t\t\t\t<div class=\"elementor-spacer\">\n\t\t\t<div class=\"elementor-spacer-inner\"><\/div>\n\t\t<\/div>\n\t\t\t\t\t\t<\/div>\n\t\t\t\t<\/div>\n\t\t\t\t<div class=\"elementor-element elementor-element-f5e4506 sc_layouts_hide_on_tablet sc_layouts_hide_on_mobile sc_fly_static elementor-widget elementor-widget-spacer\" data-id=\"f5e4506\" data-element_type=\"widget\" data-widget_type=\"spacer.default\">\n\t\t\t\t<div class=\"elementor-widget-container\">\n\t\t\t\t\t\t\t<div class=\"elementor-spacer\">\n\t\t\t<div class=\"elementor-spacer-inner\"><\/div>\n\t\t<\/div>\n\t\t\t\t\t\t<\/div>\n\t\t\t\t<\/div>\n\t\t\t\t\t<\/div>\n\t\t<\/div>\n\t\t\t\t\t<\/div>\n\t\t<\/section>\n\t\t\t\t<section class=\"elementor-section elementor-top-section elementor-element elementor-element-f2dd31f elementor-section-content-middle scheme_dark elementor-section-boxed elementor-section-height-default elementor-section-height-default sc_fly_static\" data-id=\"f2dd31f\" data-element_type=\"section\" data-settings=\"{&quot;background_background&quot;:&quot;classic&quot;}\">\n\t\t\t\t\t\t\t<div class=\"elementor-background-overlay\"><\/div>\n\t\t\t\t\t\t\t<div class=\"elementor-container elementor-column-gap-extended\">\n\t\t\t\t\t<div class=\"elementor-column elementor-col-50 elementor-top-column elementor-element elementor-element-34fc97d sc-mobile_content_align_inherit sc_inner_width_none sc_content_align_inherit sc_layouts_column_icons_position_left sc_fly_static\" data-id=\"34fc97d\" data-element_type=\"column\">\n\t\t\t<div class=\"elementor-widget-wrap elementor-element-populated\">\n\t\t\t\t\t\t<div class=\"elementor-element elementor-element-43fad93 sc_fly_static elementor-widget elementor-widget-spacer\" data-id=\"43fad93\" data-element_type=\"widget\" data-widget_type=\"spacer.default\">\n\t\t\t\t<div class=\"elementor-widget-container\">\n\t\t\t\t\t\t\t<div class=\"elementor-spacer\">\n\t\t\t<div class=\"elementor-spacer-inner\"><\/div>\n\t\t<\/div>\n\t\t\t\t\t\t<\/div>\n\t\t\t\t<\/div>\n\t\t\t\t<div class=\"elementor-element elementor-element-1d9d93c sc_fly_static elementor-widget elementor-widget-trx_sc_title\" data-id=\"1d9d93c\" data-element_type=\"widget\" data-widget_type=\"trx_sc_title.default\">\n\t\t\t\t<div class=\"elementor-widget-container\">\n\t\t\t\t\t<div\t\tclass=\"sc_title sc_title_default\" ><h2 class=\"sc_item_title sc_title_title sc_item_title_style_default\"\n\t\t\t><span class=\"sc_item_title_text\">We create a secure financial future.<\/span><\/h2><\/div>\t\t\t\t<\/div>\n\t\t\t\t<\/div>\n\t\t\t\t<div class=\"elementor-element elementor-element-ee5b176 sc_layouts_hide_on_mobile sc_fly_static elementor-widget elementor-widget-spacer\" data-id=\"ee5b176\" data-element_type=\"widget\" data-widget_type=\"spacer.default\">\n\t\t\t\t<div class=\"elementor-widget-container\">\n\t\t\t\t\t\t\t<div class=\"elementor-spacer\">\n\t\t\t<div class=\"elementor-spacer-inner\"><\/div>\n\t\t<\/div>\n\t\t\t\t\t\t<\/div>\n\t\t\t\t<\/div>\n\t\t\t\t\t<\/div>\n\t\t<\/div>\n\t\t\t\t<div class=\"elementor-column elementor-col-50 elementor-top-column elementor-element elementor-element-f3b5f1b sc_layouts_column_align_right sc_layouts_column sc-mobile_layouts_column_align_left sc_layouts_column sc_inner_width_none sc_content_align_inherit sc_layouts_column_icons_position_left sc_fly_static\" data-id=\"f3b5f1b\" data-element_type=\"column\">\n\t\t\t<div class=\"elementor-widget-wrap elementor-element-populated\">\n\t\t\t\t\t\t<div class=\"elementor-element elementor-element-57bd307 sc_fly_static elementor-widget elementor-widget-spacer\" data-id=\"57bd307\" data-element_type=\"widget\" data-widget_type=\"spacer.default\">\n\t\t\t\t<div class=\"elementor-widget-container\">\n\t\t\t\t\t\t\t<div class=\"elementor-spacer\">\n\t\t\t<div class=\"elementor-spacer-inner\"><\/div>\n\t\t<\/div>\n\t\t\t\t\t\t<\/div>\n\t\t\t\t<\/div>\n\t\t\t\t<div class=\"elementor-element elementor-element-41e985c sc_fly_static elementor-widget elementor-widget-trx_sc_button\" data-id=\"41e985c\" data-element_type=\"widget\" data-widget_type=\"trx_sc_button.default\">\n\t\t\t\t<div class=\"elementor-widget-container\">\n\t\t\t\t\t<div\tclass=\"sc_item_button sc_button_wrap\" ><a href=\"https:\/\/gama.tn\/request-appointment\/\" class=\"sc_button sc_button_bordered sc_button_size_normal sc_button_icon_left color_style_dark\" ><span class=\"sc_button_text\"><span class=\"sc_button_title\">Free Consultation<\/span><\/span><\/a><\/div>\t\t\t\t<\/div>\n\t\t\t\t<\/div>\n\t\t\t\t<div class=\"elementor-element elementor-element-266ebe8 sc_fly_static elementor-widget elementor-widget-spacer\" data-id=\"266ebe8\" data-element_type=\"widget\" data-widget_type=\"spacer.default\">\n\t\t\t\t<div class=\"elementor-widget-container\">\n\t\t\t\t\t\t\t<div class=\"elementor-spacer\">\n\t\t\t<div class=\"elementor-spacer-inner\"><\/div>\n\t\t<\/div>\n\t\t\t\t\t\t<\/div>\n\t\t\t\t<\/div>\n\t\t\t\t\t<\/div>\n\t\t<\/div>\n\t\t\t\t\t<\/div>\n\t\t<\/section>\n\t\t\t\t<\/div>\n\t\t","protected":false},"excerpt":{"rendered":"<p>I have been a client of Tax Help for over 20 years. They do a great job and have an excellent reputation. I wouldn&#8217;t think of going anywhere else. They&hellip;<\/p>\n","protected":false},"author":1,"featured_media":0,"parent":0,"menu_order":0,"comment_status":"closed","ping_status":"closed","template":"","meta":{"_joinchat":[],"footnotes":""},"class_list":["post-18561","page","type-page","status-publish","hentry"],"_links":{"self":[{"href":"https:\/\/gama.tn\/index.php?rest_route=\/wp\/v2\/pages\/18561","targetHints":{"allow":["GET"]}}],"collection":[{"href":"https:\/\/gama.tn\/index.php?rest_route=\/wp\/v2\/pages"}],"about":[{"href":"https:\/\/gama.tn\/index.php?rest_route=\/wp\/v2\/types\/page"}],"author":[{"embeddable":true,"href":"https:\/\/gama.tn\/index.php?rest_route=\/wp\/v2\/users\/1"}],"replies":[{"embeddable":true,"href":"https:\/\/gama.tn\/index.php?rest_route=%2Fwp%2Fv2%2Fcomments&post=18561"}],"version-history":[{"count":0,"href":"https:\/\/gama.tn\/index.php?rest_route=\/wp\/v2\/pages\/18561\/revisions"}],"wp:attachment":[{"href":"https:\/\/gama.tn\/index.php?rest_route=%2Fwp%2Fv2%2Fmedia&parent=18561"}],"curies":[{"name":"wp","href":"https:\/\/api.w.org\/{rel}","templated":true}]}}